{"id":487,"date":"2019-04-15T10:33:52","date_gmt":"2019-04-15T08:33:52","guid":{"rendered":"https:\/\/archiv.worldmusicfestival.sk\/?page_id=487"},"modified":"2022-08-19T12:32:07","modified_gmt":"2022-08-19T10:32:07","slug":"konferencia","status":"publish","type":"page","link":"https:\/\/archiv.worldmusicfestival.sk\/en\/konferencia\/","title":{"rendered":"Conference"},"content":{"rendered":"<p><\/p>\n<h3><a href=\"https:\/\/www.facebook.com\/events\/1634316363629233?ref=newsfeed\"><strong>! The conference will be also streamed ! link available here<\/strong><\/a><\/h3>\n<h2><strong>20.8.2022\/ 10:00<\/strong><\/h2>\n<p><strong><b>Venue: Teatro Colorato, Franti\u0161k\u00e1nske n\u00e1mestie 2, Bratislava<\/b><\/strong><\/p>\n<p>The international conference with Slovak guests and international speakers. The main goal is to help Slovak musicians to plan strategies of music distribution, its organization and finding the best forms of evaluation. At the same time, it offers the opportunity to communicate directly with experts about proven ways to promote music abroad. In addition to general advice from experts, the conference will also provide a workshop where specific questions and suggestions from you Slovak musicians, bands and managers will be addressed.<\/p>\n<div>Everything you wanted to know about these topics, but had no one to ask, you will be able to solve on the spot, or send us your questions together with the registration for the conference and workshop.<\/div>\n<div>\n<p>&nbsp;<\/p>\n<h2>10:00<\/h2>\n<h4>Panel discussion with Slovak musicians and representatives of the music industry (SK) on the topic: <strong>&#8220;Is it possible to succeed abroad with Slovak music?&#8221;<\/strong><\/h4>\n<h2><b>10:30<\/b><\/h2>\n<div><b> Presentation:\u00a0<\/b><b>Bussines Modeling for Artists \/\u00a0\u00a0Eric van Monckhoven,\u00a0<\/b>Music4You\/World Music Lab<\/div>\n<div><\/div>\n<div><a href=\"https:\/\/archiv.worldmusicfestival.sk\/eric-van-monckhoven\/\">Eric van Monckhoven<\/a> (Belgium) has worked as an ecosocial project designer, manager, and grant writer at the service of the international community for 20 years. He also served as a cultural producer in France and Finland before setting up\u00a0<a href=\"http:\/\/www.music4you.nu\/\" data-saferedirecturl=\"https:\/\/www.google.com\/url?q=http:\/\/www.music4you.nu\/&amp;source=gmail&amp;ust=1657912110228000&amp;usg=AOvVaw1rwfpCkbmNypm4gKL-kRmE\">Music4You<\/a>, a live music PR &amp; Booking agency for world, folk, and jazz artists. Eric is a member of the European Folk Network board. He is based in Sicily, Italy.<\/div>\n<\/div>\n<p>You are an artist, and you want to earn a living from your craft. In brief, you are a business owner.\u00a0By identifying what are the existing revenue streams for any of your offers, and understanding what it takes to create, distribute and capture value, you will be able to organize your operations and decide where to direct your efforts. Designing business models using visual tools can greatly help, and it can be fun too.<\/p>\n<h2><b>11:30<\/b><\/h2>\n<div><b>Presentation:\u00a0<\/b><b>Global Arrivals: Promoting your music without compromising your sense of artistry \/ Duncan Ballantyne,\u00a0<\/b>Ballantyne Communications<\/div>\n<div><\/div>\n<div>\n<div>Lecturer\u00a0 Duncan and his team at Ballantyne Communications tell stories and build narratives with the human experience at the forefront, celebrating difference, diversity and equality. This is something built-in to what they do, not a clever add on. Getting up close and personal is a philosophy at the heart of their work.<\/div>\n<div>Duncan&#8217;s experiences are wide, having managed various UK based record labels, set up and managed Tiger&#8217;s Milk Records for 7 years, in collaboration with a London based Peruvian food and drinks brand called Ceviche. He ran his own artist management company for many years and also works with other strands of culture in collaboration with arts organisations, festivals and brands.<\/div>\n<\/div>\n<div><\/div>\n<h2><b>12:00<\/b><\/h2>\n<div><b>Workshop:\u00a0<\/b><b>Global Arrivals:\u00a0<\/b><b>Duncan Ballantyne,\u00a0<\/b>Ballantyne Communications<\/div>\n<div><\/div>\n<div>After receiving feedbacks from Slovakian \u00a0artists about their needs, their goals, the workshop will engage participants and collaboratively discuss and workshop ideas behind:<br \/>\nGrowing audiences with tight budgets<\/div>\n<div>Recognising and taking advantage of your strongest talents whilst learning from others<\/div>\n<div>Building a communications and creative strategy<\/div>\n<p>[contact-form-7 id=&#8221;2633&#8243; title=&#8221;Konferencia EN &#8211; 2022 &#8211; 2&#8243;]<\/p>","protected":false},"excerpt":{"rendered":"<p>! The conference will be also streamed ! link available here 20.8.2022\/ 10:00 Venue: Teatro Colorato, Franti\u0161k\u00e1nske n\u00e1mestie 2, Bratislava The international conference with Slovak guests and international speakers. The main goal is to help Slovak musicians to plan strategies of music distribution, its organization and finding the best forms of evaluation. At the same [&hellip;]<\/p>\n","protected":false},"author":1,"featured_media":683,"parent":0,"menu_order":27,"comment_status":"closed","ping_status":"closed","template":"page-fullwidth.php","meta":[],"_links":{"self":[{"href":"https:\/\/archiv.worldmusicfestival.sk\/en\/wp-json\/wp\/v2\/pages\/487"}],"collection":[{"href":"https:\/\/archiv.worldmusicfestival.sk\/en\/wp-json\/wp\/v2\/pages"}],"about":[{"href":"https:\/\/archiv.worldmusicfestival.sk\/en\/wp-json\/wp\/v2\/types\/page"}],"author":[{"embeddable":true,"href":"https:\/\/archiv.worldmusicfestival.sk\/en\/wp-json\/wp\/v2\/users\/1"}],"replies":[{"embeddable":true,"href":"https:\/\/archiv.worldmusicfestival.sk\/en\/wp-json\/wp\/v2\/comments?post=487"}],"version-history":[{"count":6,"href":"https:\/\/archiv.worldmusicfestival.sk\/en\/wp-json\/wp\/v2\/pages\/487\/revisions"}],"predecessor-version":[{"id":2658,"href":"https:\/\/archiv.worldmusicfestival.sk\/en\/wp-json\/wp\/v2\/pages\/487\/revisions\/2658"}],"wp:featuredmedia":[{"embeddable":true,"href":"https:\/\/archiv.worldmusicfestival.sk\/en\/wp-json\/wp\/v2\/media\/683"}],"wp:attachment":[{"href":"https:\/\/archiv.worldmusicfestival.sk\/en\/wp-json\/wp\/v2\/media?parent=487"}],"curies":[{"name":"wp","href":"https:\/\/api.w.org\/{rel}","templated":true}]}}