{"id":482,"date":"2019-04-15T10:22:32","date_gmt":"2019-04-15T08:22:32","guid":{"rendered":"https:\/\/archiv.worldmusicfestival.sk\/?page_id=482"},"modified":"2022-08-15T17:25:57","modified_gmt":"2022-08-15T15:25:57","slug":"delegati","status":"publish","type":"page","link":"https:\/\/archiv.worldmusicfestival.sk\/en\/delegati\/","title":{"rendered":"Delegates"},"content":{"rendered":"<p><\/p>\n<p style=\"text-align: center;\"><b><a href=\"https:\/\/archiv.worldmusicfestival.sk\/wp-content\/uploads\/2022\/07\/Tony-Van-Der-Eecken.jpg\"><img decoding=\"async\" loading=\"lazy\" class=\"size-thumbnail wp-image-2441 aligncenter\" src=\"https:\/\/archiv.worldmusicfestival.sk\/wp-content\/uploads\/2022\/07\/Tony-Van-Der-Eecken-150x150.jpg\" alt=\"\" width=\"150\" height=\"150\" srcset=\"https:\/\/archiv.worldmusicfestival.sk\/wp-content\/uploads\/2022\/07\/Tony-Van-Der-Eecken-150x150.jpg 150w, https:\/\/archiv.worldmusicfestival.sk\/wp-content\/uploads\/2022\/07\/Tony-Van-Der-Eecken.jpg 156w\" sizes=\"(max-width: 150px) 100vw, 150px\" \/><\/a>Tony Van Der Eecken (BE)<\/b><\/p>\n<p><span style=\"font-weight: 400;\">Concert organiser since 1978.Toured Toumani Diabat\u00e9, Timbila ta Venasi, Ekonda from RDC, Cuarteto Patria and many more in the nineties. Works for the Centre for Fine Arts BOZAR in Brussels since 1999.<\/span><\/p>\n<hr \/>\n<p style=\"text-align: center;\"><b><a href=\"https:\/\/archiv.worldmusicfestival.sk\/wp-content\/uploads\/2022\/07\/Marina-Pommier-2022-scaled.jpg\"><img decoding=\"async\" loading=\"lazy\" class=\"aligncenter size-thumbnail wp-image-2443\" src=\"https:\/\/archiv.worldmusicfestival.sk\/wp-content\/uploads\/2022\/07\/Marina-Pommier-2022-150x150.jpg\" alt=\"\" width=\"150\" height=\"150\" srcset=\"https:\/\/archiv.worldmusicfestival.sk\/wp-content\/uploads\/2022\/07\/Marina-Pommier-2022-150x150.jpg 150w, https:\/\/archiv.worldmusicfestival.sk\/wp-content\/uploads\/2022\/07\/Marina-Pommier-2022-265x265.jpg 265w\" sizes=\"(max-width: 150px) 100vw, 150px\" \/><\/a>Marina Pommier (FR)<\/b><\/p>\n<p><span style=\"font-weight: 400;\">is a french programmer who is involved in World Music scene since 1994. Convinced european she was born in Lyon and has studied and worked several years in Brussels, Paris and Budapest and is now based in the South West of France. After beeing the tour manager of the Gipsies of Rajasthan, Musafir, she became the manager of the Hungarian Gipsy Band Romano Drom, and later on, of the southern slavic Hungarian Band S\u00f6nd\u00f6rg\u00f6,\u00a0<\/span><\/p>\n<p><span style=\"font-weight: 400;\">Programmer since 2002, specialised in Gipsy and Balkan music at first, she has never stopped since then to build bridges between minority and ethnic music and a large audience. For the Sziget Festival in Budapest, she created in 2002 and leaded\u00a0 for 12 years the Roma Tent and then Roma and Balkan program of the World Music Stage, and is now presenting the &#8220;Global Village&#8221; stage . She is also programming some World Music acts for the Vidor Festival in Nyiregyh\u00e1za since 2005. Since 2017 she is actively developing World Music concert series in rural villages in South west of France with the association \u00ab The World in my Village \u00bb.<\/span><\/p>\n<hr \/>\n<h4 style=\"text-align: center;\"><b><a href=\"https:\/\/archiv.worldmusicfestival.sk\/wp-content\/uploads\/2022\/07\/Eric-E.-van-Monckhoven.jpg\"><img decoding=\"async\" loading=\"lazy\" class=\"aligncenter wp-image-2444 size-thumbnail\" src=\"https:\/\/archiv.worldmusicfestival.sk\/wp-content\/uploads\/2022\/07\/Eric-E.-van-Monckhoven-150x150.jpg\" alt=\"\" width=\"150\" height=\"150\" srcset=\"https:\/\/archiv.worldmusicfestival.sk\/wp-content\/uploads\/2022\/07\/Eric-E.-van-Monckhoven-150x150.jpg 150w, https:\/\/archiv.worldmusicfestival.sk\/wp-content\/uploads\/2022\/07\/Eric-E.-van-Monckhoven-265x265.jpg 265w\" sizes=\"(max-width: 150px) 100vw, 150px\" \/><\/a>Eric van Monckhoven (BE, IT)<\/b><\/h4>\n<p><span style=\"font-weight: 400;\">has worked as an ecosocial project designer, manager, and grant writer at the service of the international community for 20 years. He served also as a cultural producer in France and Finland before setting up Music4You, a live music PR &amp; Booking agency for world, folk, and roots music artists. Eric is a member of the European Folk Network board. He is based in Sicily, Italy.<\/span><\/p>\n<hr \/>\n<p style=\"text-align: center;\"><b><img decoding=\"async\" loading=\"lazy\" class=\"aligncenter size-thumbnail wp-image-2608\" src=\"https:\/\/archiv.worldmusicfestival.sk\/wp-content\/uploads\/2022\/07\/duncan-ballantyne-69cbafc4-150x150.jpg\" alt=\"\" width=\"150\" height=\"150\" srcset=\"https:\/\/archiv.worldmusicfestival.sk\/wp-content\/uploads\/2022\/07\/duncan-ballantyne-69cbafc4-150x150.jpg 150w, https:\/\/archiv.worldmusicfestival.sk\/wp-content\/uploads\/2022\/07\/duncan-ballantyne-69cbafc4-265x265.jpg 265w, https:\/\/archiv.worldmusicfestival.sk\/wp-content\/uploads\/2022\/07\/duncan-ballantyne-69cbafc4.jpg 200w\" sizes=\"(max-width: 150px) 100vw, 150px\" \/>Duncan Ballantyne (UK)<\/b><\/p>\n<p><span style=\"font-weight: 400;\">Duncan is the founder of Ballantyne Communications, a senior consultant, arts manager and programmer with fourteen years \u00b4experience of campaigning and developing cross-cultural and international projects.\u00a0 The agency was born in 2012 and provides communications, branding and digital services.<\/span><\/p>\n<hr \/>\n<p style=\"text-align: center;\"><b><img decoding=\"async\" loading=\"lazy\" class=\"aligncenter wp-image-2525 size-thumbnail\" src=\"https:\/\/archiv.worldmusicfestival.sk\/wp-content\/uploads\/2022\/07\/Ana-Sors-150x150.jpg\" alt=\"\" width=\"150\" height=\"150\" srcset=\"https:\/\/archiv.worldmusicfestival.sk\/wp-content\/uploads\/2022\/07\/Ana-Sors-150x150.jpg 150w, https:\/\/archiv.worldmusicfestival.sk\/wp-content\/uploads\/2022\/07\/Ana-Sors-768x768.jpg 768w, https:\/\/archiv.worldmusicfestival.sk\/wp-content\/uploads\/2022\/07\/Ana-Sors-600x600.jpg 600w, https:\/\/archiv.worldmusicfestival.sk\/wp-content\/uploads\/2022\/07\/Ana-Sors-265x265.jpg 265w, https:\/\/archiv.worldmusicfestival.sk\/wp-content\/uploads\/2022\/07\/Ana-Sors.jpg 800w\" sizes=\"(max-width: 150px) 100vw, 150px\" \/>Ana Sors (UK)<\/b><\/p>\n<p><span style=\"font-weight: 400;\">Is a Managing Director at Salto Music, an international artist booking and production company, that represent artists supporting their career in the UK and Europe. The company creates collaborations projects with music professionals and artists between Europe and Latin America, including the production of live concerts. She works as Project Manager at EXIB M\u00fasica Set\u00fabal Festival in Portugal.<\/span><\/p>\n<hr \/>\n<p style=\"text-align: center;\"><b><a href=\"https:\/\/archiv.worldmusicfestival.sk\/wp-content\/uploads\/2022\/07\/Milan_Tesar_prebira_cenu_.jpg\"><img decoding=\"async\" loading=\"lazy\" class=\"aligncenter size-thumbnail wp-image-2445\" src=\"https:\/\/archiv.worldmusicfestival.sk\/wp-content\/uploads\/2022\/07\/Milan_Tesar_prebira_cenu_-150x150.jpg\" alt=\"\" width=\"150\" height=\"150\" srcset=\"https:\/\/archiv.worldmusicfestival.sk\/wp-content\/uploads\/2022\/07\/Milan_Tesar_prebira_cenu_-150x150.jpg 150w, https:\/\/archiv.worldmusicfestival.sk\/wp-content\/uploads\/2022\/07\/Milan_Tesar_prebira_cenu_-265x265.jpg 265w, https:\/\/archiv.worldmusicfestival.sk\/wp-content\/uploads\/2022\/07\/Milan_Tesar_prebira_cenu_.jpg 591w\" sizes=\"(max-width: 150px) 100vw, 150px\" \/><\/a>Milan Tesa\u0159 (CZ)<\/b><\/p>\n<p><span style=\"font-weight: 400;\">Is a well-known music journalist, radio director and presenter at Radio PROGLAS since 1999 with his Radio shows &#8220;Slyste, lide!&#8221; (Hear, People) and &#8220;Jak se vam libi&#8221; (As You Like It).\u00a0 He regulary prepares music reviews and interviews for printed and internet magazines in Czech republic and is invited to be a jury member e.g. at\u00a0 Slovak Radio_Head Award. Since November 2020 he is the Head and secretary of the World Music Chart Europe.<\/span><\/p>\n<hr \/>\n<p style=\"text-align: center;\"><b><a href=\"https:\/\/archiv.worldmusicfestival.sk\/wp-content\/uploads\/2022\/07\/JOHANN-KNEIHS.jpg\"><img decoding=\"async\" loading=\"lazy\" class=\"aligncenter size-thumbnail wp-image-2446\" src=\"https:\/\/archiv.worldmusicfestival.sk\/wp-content\/uploads\/2022\/07\/JOHANN-KNEIHS-150x150.jpg\" alt=\"\" width=\"150\" height=\"150\" srcset=\"https:\/\/archiv.worldmusicfestival.sk\/wp-content\/uploads\/2022\/07\/JOHANN-KNEIHS-150x150.jpg 150w, https:\/\/archiv.worldmusicfestival.sk\/wp-content\/uploads\/2022\/07\/JOHANN-KNEIHS-265x265.jpg 265w, https:\/\/archiv.worldmusicfestival.sk\/wp-content\/uploads\/2022\/07\/JOHANN-KNEIHS.jpg 399w\" sizes=\"(max-width: 150px) 100vw, 150px\" \/><\/a>Johann Kneihs (AT)<\/b><\/p>\n<p><span style=\"font-weight: 400;\">\u2013 music journalist at Austrian Public Radio ORF \u00d61, curator of Glatt&amp;Verkehrt Festival and member of\u00a0the\u00a0World Music Chart Europe (WMCE)<\/span><b>,<\/b><span style=\"font-weight: 400;\"> a board of European radio DJs.<\/span><\/p>\n<hr \/>\n<p style=\"text-align: center;\"><b><a href=\"https:\/\/archiv.worldmusicfestival.sk\/wp-content\/uploads\/2022\/07\/Ciro-de-Rosa.jpg\"><img decoding=\"async\" loading=\"lazy\" class=\"aligncenter size-thumbnail wp-image-2447\" src=\"https:\/\/archiv.worldmusicfestival.sk\/wp-content\/uploads\/2022\/07\/Ciro-de-Rosa-150x150.jpg\" alt=\"\" width=\"150\" height=\"150\" srcset=\"https:\/\/archiv.worldmusicfestival.sk\/wp-content\/uploads\/2022\/07\/Ciro-de-Rosa-150x150.jpg 150w, https:\/\/archiv.worldmusicfestival.sk\/wp-content\/uploads\/2022\/07\/Ciro-de-Rosa-265x265.jpg 265w\" sizes=\"(max-width: 150px) 100vw, 150px\" \/><\/a>Ciro De Rosa (IT)<\/b><\/p>\n<p><span style=\"font-weight: 400;\">A long-time contributor to Songlines, as a music journalist and disseminator of traditional and world music, he has published articles and essays over period of more than 30 years.\u00a0 These days he is editor-in -chief of the webzine <\/span><a href=\"http:\/\/www.blogfoolk.com\"><span style=\"font-weight: 400;\">www.blogfoolk.com<\/span><\/a><span style=\"font-weight: 400;\">, produces and hosts the webradio show and podcast Globofonie. He is the panelist to Transglobal World Music Chart and Balkan World Music Chart.<\/span><\/p>\n<hr \/>\n<p style=\"text-align: center;\"><b>P\u00e9ter Vaza (HU)<\/b><\/p>\n<p><span style=\"font-weight: 400;\">Is the founder and Artistic Director of Babel Sound Festival, a world music event and artist residency that aims to be a dynamic meeting point where artists get the opportunity to grow their professional network as well as connect with their audience at Balatonbogl\u00e1r, on the shores of Lake Balaton.<\/span><\/p>\n<hr \/>\n<p style=\"text-align: center;\"><strong><br \/>\n<img decoding=\"async\" loading=\"lazy\" class=\"aligncenter size-thumbnail wp-image-2546\" src=\"https:\/\/archiv.worldmusicfestival.sk\/wp-content\/uploads\/2022\/07\/Anna-Pierini-150x150.png\" alt=\"\" width=\"150\" height=\"150\" srcset=\"https:\/\/archiv.worldmusicfestival.sk\/wp-content\/uploads\/2022\/07\/Anna-Pierini-150x150.png 150w, https:\/\/archiv.worldmusicfestival.sk\/wp-content\/uploads\/2022\/07\/Anna-Pierini-265x265.png 265w\" sizes=\"(max-width: 150px) 100vw, 150px\" \/>Anna Pierini (IT)<\/strong><\/p>\n<p>An Italian booking agent and a project manager of the festival Musicastrada.<\/p>\n<p>&nbsp;<\/p>\n<p style=\"text-align: center;\"><strong><img decoding=\"async\" loading=\"lazy\" class=\"aligncenter size-thumbnail wp-image-2595\" src=\"https:\/\/archiv.worldmusicfestival.sk\/wp-content\/uploads\/2022\/07\/Augusto-Veiga-150x150.jpg\" alt=\"\" width=\"150\" height=\"150\" srcset=\"https:\/\/archiv.worldmusicfestival.sk\/wp-content\/uploads\/2022\/07\/Augusto-Veiga-150x150.jpg 150w, https:\/\/archiv.worldmusicfestival.sk\/wp-content\/uploads\/2022\/07\/Augusto-Veiga-265x265.jpg 265w\" sizes=\"(max-width: 150px) 100vw, 150px\" \/>Augusto Veiga (PT)<\/strong><\/p>\n<p>The director of the Atlantic Music Expo (AME) for Lusophone and African music and vice-president of the Cabo Verde Cultural Association.<\/p>\n<p>&nbsp;<\/p>\n<h4 style=\"text-align: center;\"><img decoding=\"async\" loading=\"lazy\" class=\"aligncenter size-thumbnail wp-image-2611\" src=\"https:\/\/archiv.worldmusicfestival.sk\/wp-content\/uploads\/2022\/07\/petr-doruzka-150x150.jpg\" alt=\"\" width=\"150\" height=\"150\" srcset=\"https:\/\/archiv.worldmusicfestival.sk\/wp-content\/uploads\/2022\/07\/petr-doruzka-150x150.jpg 150w, https:\/\/archiv.worldmusicfestival.sk\/wp-content\/uploads\/2022\/07\/petr-doruzka-1024x1024.jpg 1024w, https:\/\/archiv.worldmusicfestival.sk\/wp-content\/uploads\/2022\/07\/petr-doruzka-768x767.jpg 768w, https:\/\/archiv.worldmusicfestival.sk\/wp-content\/uploads\/2022\/07\/petr-doruzka-600x600.jpg 600w, https:\/\/archiv.worldmusicfestival.sk\/wp-content\/uploads\/2022\/07\/petr-doruzka-265x265.jpg 265w, https:\/\/archiv.worldmusicfestival.sk\/wp-content\/uploads\/2022\/07\/petr-doruzka.jpg 1332w\" sizes=\"(max-width: 150px) 100vw, 150px\" \/>Petr\u00a0Dor\u016f\u017eka (CZ)<\/h4>\n<p>Czech columnist, journalist and music editor of Radio Vltava in Czech Radio. He writes about world music in Czech and foreign media, he lectured on world music cultures at the Faculty of Humanities at the Charles University. Since 1992, he has been the only Czech member of the World Music Charts Europe radio panel. In 2017, he received the WOMEX 17 Award for Professional Excellence for his lifelong work.<\/p>\n<p>&nbsp;<\/p>\n<h4 style=\"text-align: center;\"><img decoding=\"async\" loading=\"lazy\" class=\"aligncenter size-thumbnail wp-image-2639\" src=\"https:\/\/archiv.worldmusicfestival.sk\/wp-content\/uploads\/2022\/08\/Vasek-Muller-na-web-150x150.jpg\" alt=\"\" width=\"150\" height=\"150\" srcset=\"https:\/\/archiv.worldmusicfestival.sk\/wp-content\/uploads\/2022\/08\/Vasek-Muller-na-web-150x150.jpg 150w, https:\/\/archiv.worldmusicfestival.sk\/wp-content\/uploads\/2022\/08\/Vasek-Muller-na-web-768x767.jpg 768w, https:\/\/archiv.worldmusicfestival.sk\/wp-content\/uploads\/2022\/08\/Vasek-Muller-na-web-600x599.jpg 600w, https:\/\/archiv.worldmusicfestival.sk\/wp-content\/uploads\/2022\/08\/Vasek-Muller-na-web-265x265.jpg 265w, https:\/\/archiv.worldmusicfestival.sk\/wp-content\/uploads\/2022\/08\/Vasek-Muller-na-web.jpg 936w\" sizes=\"(max-width: 150px) 100vw, 150px\" \/>Va\u0161ek M\u00fcller\u00a0 (CZ)<\/h4>\n<p>The Director and Artistic Director of the festival Hradeck\u00fd slunovrat in Opava, Czech Republic<\/p>\n<p>&nbsp;<\/p>\n<h4 style=\"text-align: center;\"><img decoding=\"async\" loading=\"lazy\" class=\"aligncenter size-thumbnail wp-image-2640\" src=\"https:\/\/archiv.worldmusicfestival.sk\/wp-content\/uploads\/2022\/08\/martina-LAAB-na-web-150x150.jpg\" alt=\"\" width=\"150\" height=\"150\" srcset=\"https:\/\/archiv.worldmusicfestival.sk\/wp-content\/uploads\/2022\/08\/martina-LAAB-na-web-150x150.jpg 150w, https:\/\/archiv.worldmusicfestival.sk\/wp-content\/uploads\/2022\/08\/martina-LAAB-na-web-1024x1024.jpg 1024w, https:\/\/archiv.worldmusicfestival.sk\/wp-content\/uploads\/2022\/08\/martina-LAAB-na-web-768x768.jpg 768w, https:\/\/archiv.worldmusicfestival.sk\/wp-content\/uploads\/2022\/08\/martina-LAAB-na-web-600x600.jpg 600w, https:\/\/archiv.worldmusicfestival.sk\/wp-content\/uploads\/2022\/08\/martina-LAAB-na-web-265x265.jpg 265w, https:\/\/archiv.worldmusicfestival.sk\/wp-content\/uploads\/2022\/08\/martina-LAAB-na-web.jpg 1098w\" sizes=\"(max-width: 150px) 100vw, 150px\" \/>Martina Laab (A)<\/h4>\n<p>The Director of Salam Orient festival and Artistic Director of ORF RadioKulturhaus, the public<br \/>\nconcert hall of the Austrian Broadcast Corporation, (ORF) in Vienna.<\/p>","protected":false},"excerpt":{"rendered":"<p>Tony Van Der Eecken (BE) Concert organiser since 1978.Toured Toumani Diabat\u00e9, Timbila ta Venasi, Ekonda from RDC, Cuarteto Patria and many more in the nineties. Works for the Centre for Fine Arts BOZAR in Brussels since 1999. Marina Pommier (FR) is a french programmer who is involved in World Music scene since 1994. Convinced european [&hellip;]<\/p>\n","protected":false},"author":1,"featured_media":680,"parent":0,"menu_order":26,"comment_status":"closed","ping_status":"closed","template":"","meta":[],"_links":{"self":[{"href":"https:\/\/archiv.worldmusicfestival.sk\/en\/wp-json\/wp\/v2\/pages\/482"}],"collection":[{"href":"https:\/\/archiv.worldmusicfestival.sk\/en\/wp-json\/wp\/v2\/pages"}],"about":[{"href":"https:\/\/archiv.worldmusicfestival.sk\/en\/wp-json\/wp\/v2\/types\/page"}],"author":[{"embeddable":true,"href":"https:\/\/archiv.worldmusicfestival.sk\/en\/wp-json\/wp\/v2\/users\/1"}],"replies":[{"embeddable":true,"href":"https:\/\/archiv.worldmusicfestival.sk\/en\/wp-json\/wp\/v2\/comments?post=482"}],"version-history":[{"count":6,"href":"https:\/\/archiv.worldmusicfestival.sk\/en\/wp-json\/wp\/v2\/pages\/482\/revisions"}],"predecessor-version":[{"id":2643,"href":"https:\/\/archiv.worldmusicfestival.sk\/en\/wp-json\/wp\/v2\/pages\/482\/revisions\/2643"}],"wp:featuredmedia":[{"embeddable":true,"href":"https:\/\/archiv.worldmusicfestival.sk\/en\/wp-json\/wp\/v2\/media\/680"}],"wp:attachment":[{"href":"https:\/\/archiv.worldmusicfestival.sk\/en\/wp-json\/wp\/v2\/media?parent=482"}],"curies":[{"name":"wp","href":"https:\/\/api.w.org\/{rel}","templated":true}]}}