{"id":398,"date":"2019-03-25T15:46:09","date_gmt":"2019-03-25T14:46:09","guid":{"rendered":"https:\/\/archiv.worldmusicfestival.sk\/?page_id=398"},"modified":"2022-07-27T13:36:21","modified_gmt":"2022-07-27T11:36:21","slug":"program","status":"publish","type":"page","link":"https:\/\/archiv.worldmusicfestival.sk\/en\/program\/","title":{"rendered":"Program"},"content":{"rendered":"<p><strong>18.8.2022\/ 20:00<\/strong><\/p>\n<p>Venue: Concert hall Klarisky Church, Klarisk\u00e1 1, Bratislava<\/p>\n<p>Performers: <a href=\"https:\/\/archiv.worldmusicfestival.sk\/en\/wernyhora\/\">Wernyhora<\/a> (PL) a <a href=\"https:\/\/archiv.worldmusicfestival.sk\/en\/michal-smetanka\/\">Michal Smetanka<\/a> (SK), <a href=\"https:\/\/archiv.worldmusicfestival.sk\/en\/volodymyr-voyt\/\">Volodymyr Voyt<\/a> (UA)<\/p>\n<hr \/>\n<p><strong>19.8.2022\/ 19:00<\/strong><\/p>\n<p>Venue: T<span style=\"font-weight: 400;\">eatro Colorato, <\/span><span style=\"font-weight: 400;\">Franti\u0161k\u00e1nske n\u00e1mestie 2,<\/span><span style=\"font-weight: 400;\"> Bratislava<\/span><\/p>\n<p>Performers: <a href=\"https:\/\/archiv.worldmusicfestival.sk\/en\/julia-kozakova\/\">J\u00falia Koz\u00e1kov\u00e1<\/a> (SK), <a href=\"https:\/\/archiv.worldmusicfestival.sk\/en\/ricardo-silva\/\">Ricardo Silva<\/a> (PT), <a href=\"https:\/\/archiv.worldmusicfestival.sk\/en\/tabanka\/\">Tabanka<\/a> (CV)<\/p>\n<hr \/>\n<p><strong>20.8.2022\/ 10:00<\/strong><\/p>\n<p>Venue: Teatro Colorato, Franti\u0161k\u00e1nske n\u00e1mestie 2, Bratislava<\/p>\n<p>Panel discussion with musicians and representatives of music industry,<br \/>\n<a href=\"https:\/\/archiv.worldmusicfestival.sk\/eric-van-monckhoven\/\">Business Modeling for Artists by Eric E. van Monckhoven\/Music for You (IT),<\/a><\/p>\n<p><a href=\"https:\/\/archiv.worldmusicfestival.sk\/en\/duncan-ballantyne-uk\/\">Presentation by Duncan Ballantyne\/Ballantyne Communications (UK)<\/a><\/p>\n<hr \/>\n<p><strong>20.8.2022\/ 10:00<br \/>\n<\/strong>Venue:Beigli Hotel&amp;Garden, Ba\u0161tov\u00e1 4, Bratislava<\/p>\n<p>Workshop for general public, singing of Slovak and Ukrainian songs<\/p>\n<hr \/>\n<p><strong>20.8.2022\/ 17:00<\/strong><\/p>\n<p>Venue: Teatro Colorato, Franti\u0161k\u00e1nske n\u00e1mestie 2, Bratislava<\/p>\n<p>Performer: <a href=\"https:\/\/archiv.worldmusicfestival.sk\/en\/sisa-michalidesova\/\">Sisa Michalidesov\u00e1<\/a> (SK)<\/p>\n<hr \/>\n<p><strong>20.8.2022\/ 19:30<\/strong><\/p>\n<p>Venue: Zichy\u2019s palace courtyard, Vent\u00farska 9, Bratislava<\/p>\n<p>Performers:<a href=\"https:\/\/archiv.worldmusicfestival.sk\/en\/guanaco-trio\/\"> Guanaco Trio<\/a> (AG), <a href=\"https:\/\/archiv.worldmusicfestival.sk\/en\/tarek-abdallah-adel-shams-el-din\/\">Tarek Abdallah a Adel Shams el Din<\/a> (EG)<\/p>\n<hr \/>\n<p><strong>21.8.2022\/ 16:30<\/strong><\/p>\n<p>Venue: Teatro Colorato, Franti\u0161k\u00e1nske n\u00e1mestie 2, Bratislava<\/p>\n<p>Performers: <a href=\"https:\/\/archiv.worldmusicfestival.sk\/en\/ildiko-kali\/\">Ildik\u00f3 Kali a Peter Luha<\/a> (SK), <a href=\"https:\/\/archiv.worldmusicfestival.sk\/en\/varkocs-2\/\">Varkocs<\/a> (SK)<\/p>\n<hr \/>\n<p><strong>21.8.2022\/ 19:00<\/strong><\/p>\n<p>Venue: Concert hall Klarisky Church, Klarisk\u00e1 1, Bratislava<\/p>\n<p>Performers: <a href=\"https:\/\/archiv.worldmusicfestival.sk\/en\/alapastel\/\">Alapastel<\/a>, guest: <a href=\"https:\/\/archiv.worldmusicfestival.sk\/en\/neha\/\">Neha!<\/a> (SK),\u00a0 prest\u00e1vka,<strong>\u00a0 21.00 <\/strong><a href=\"https:\/\/archiv.worldmusicfestival.sk\/en\/vieux-farka-toure\/\">Vieux Farka Tour\u00e9<\/a> (MALI)<\/p>","protected":false},"excerpt":{"rendered":"<p>18.8.2022\/ 20:00 Venue: Concert hall Klarisky Church, Klarisk\u00e1 1, Bratislava Performers: Wernyhora (PL) a Michal Smetanka (SK), Volodymyr Voyt (UA) 19.8.2022\/ 19:00 Venue: Teatro Colorato, Franti\u0161k\u00e1nske n\u00e1mestie 2, Bratislava Performers: J\u00falia Koz\u00e1kov\u00e1 (SK), Ricardo Silva (PT), Tabanka (CV) 20.8.2022\/ 10:00 Venue: Teatro Colorato, Franti\u0161k\u00e1nske n\u00e1mestie 2, Bratislava Panel discussion with musicians and representatives of music [&hellip;]<\/p>\n","protected":false},"author":1,"featured_media":679,"parent":0,"menu_order":32,"comment_status":"closed","ping_status":"closed","template":"page-fullwidth.php","meta":[],"_links":{"self":[{"href":"https:\/\/archiv.worldmusicfestival.sk\/en\/wp-json\/wp\/v2\/pages\/398"}],"collection":[{"href":"https:\/\/archiv.worldmusicfestival.sk\/en\/wp-json\/wp\/v2\/pages"}],"about":[{"href":"https:\/\/archiv.worldmusicfestival.sk\/en\/wp-json\/wp\/v2\/types\/page"}],"author":[{"embeddable":true,"href":"https:\/\/archiv.worldmusicfestival.sk\/en\/wp-json\/wp\/v2\/users\/1"}],"replies":[{"embeddable":true,"href":"https:\/\/archiv.worldmusicfestival.sk\/en\/wp-json\/wp\/v2\/comments?post=398"}],"version-history":[{"count":6,"href":"https:\/\/archiv.worldmusicfestival.sk\/en\/wp-json\/wp\/v2\/pages\/398\/revisions"}],"predecessor-version":[{"id":2555,"href":"https:\/\/archiv.worldmusicfestival.sk\/en\/wp-json\/wp\/v2\/pages\/398\/revisions\/2555"}],"wp:featuredmedia":[{"embeddable":true,"href":"https:\/\/archiv.worldmusicfestival.sk\/en\/wp-json\/wp\/v2\/media\/679"}],"wp:attachment":[{"href":"https:\/\/archiv.worldmusicfestival.sk\/en\/wp-json\/wp\/v2\/media?parent=398"}],"curies":[{"name":"wp","href":"https:\/\/api.w.org\/{rel}","templated":true}]}}