{"id":226,"date":"2019-03-20T15:02:05","date_gmt":"2019-03-20T14:02:05","guid":{"rendered":"https:\/\/archiv.worldmusicfestival.sk\/?page_id=226"},"modified":"2022-07-28T10:48:53","modified_gmt":"2022-07-28T08:48:53","slug":"kontakt","status":"publish","type":"page","link":"https:\/\/archiv.worldmusicfestival.sk\/en\/kontakt\/","title":{"rendered":"Contact"},"content":{"rendered":"<p>Are you coming to the World Music Festival Bratislava 2022 from another country or city? This article is for you! \u00bb <strong>&#8220;<a href=\"https:\/\/archiv.worldmusicfestival.sk\/prichadzas-na-world-music-festival-bratislava-2022-z-ineho-mesta-tento-clanok-je-pre-teba\/\" target=\"_blank\" rel=\"noopener noreferrer\">View article<\/a>&#8220;<\/strong><\/p>\n<hr \/>\n<p><strong>Production: <\/strong>Linda Kuchtov\u00e1<strong> \u2013 <\/strong><a href=\"mailto:production@worldmusicfestival.sk\">production@worldmusicfestival.sk<\/a><strong><br \/>\nAdministration Manager:<\/strong> Zuzka \u017diakov\u00e1 &#8211; <a href=\"mailto:administration@worldmusicfestival.sk\">administration@worldmusicfestival.sk<\/a><br \/>\n<strong>PR Manager:<\/strong> Belinda Ra\u0161nerov\u00e1 &#8211; <a href=\"mailto:pr@worldmusicfestival.sk\">pr@worldmusicfestival.sk<\/a><br \/>\n<strong>Artistic Director:<\/strong> Jarmila Vl\u010dkov\u00e1 \u2013 <a href=\"mailto:info@worldmusicfestival.sk\">info@worldmusicfestival.sk<\/a><\/p>\n<h4><a href=\"mailto:info@worldmusicfestival.sk\" target=\"_blank\" rel=\"noopener noreferrer\">info@worldmusicfestival.sk<\/a><\/h4>\n<p><\/p>","protected":false},"excerpt":{"rendered":"<p>Are you coming to the World Music Festival Bratislava 2022 from another country or city? This article is for you! \u00bb &#8220;View article&#8220; Production: Linda Kuchtov\u00e1 \u2013 production@worldmusicfestival.sk Administration Manager: Zuzka \u017diakov\u00e1 &#8211; administration@worldmusicfestival.sk PR Manager: Belinda Ra\u0161nerov\u00e1 &#8211; pr@worldmusicfestival.sk Artistic Director: Jarmila Vl\u010dkov\u00e1 \u2013 info@worldmusicfestival.sk info@worldmusicfestival.sk<\/p>\n","protected":false},"author":1,"featured_media":679,"parent":0,"menu_order":30,"comment_status":"closed","ping_status":"closed","template":"contact.php","meta":[],"_links":{"self":[{"href":"https:\/\/archiv.worldmusicfestival.sk\/en\/wp-json\/wp\/v2\/pages\/226"}],"collection":[{"href":"https:\/\/archiv.worldmusicfestival.sk\/en\/wp-json\/wp\/v2\/pages"}],"about":[{"href":"https:\/\/archiv.worldmusicfestival.sk\/en\/wp-json\/wp\/v2\/types\/page"}],"author":[{"embeddable":true,"href":"https:\/\/archiv.worldmusicfestival.sk\/en\/wp-json\/wp\/v2\/users\/1"}],"replies":[{"embeddable":true,"href":"https:\/\/archiv.worldmusicfestival.sk\/en\/wp-json\/wp\/v2\/comments?post=226"}],"version-history":[{"count":6,"href":"https:\/\/archiv.worldmusicfestival.sk\/en\/wp-json\/wp\/v2\/pages\/226\/revisions"}],"predecessor-version":[{"id":2603,"href":"https:\/\/archiv.worldmusicfestival.sk\/en\/wp-json\/wp\/v2\/pages\/226\/revisions\/2603"}],"wp:featuredmedia":[{"embeddable":true,"href":"https:\/\/archiv.worldmusicfestival.sk\/en\/wp-json\/wp\/v2\/media\/679"}],"wp:attachment":[{"href":"https:\/\/archiv.worldmusicfestival.sk\/en\/wp-json\/wp\/v2\/media?parent=226"}],"curies":[{"name":"wp","href":"https:\/\/api.w.org\/{rel}","templated":true}]}}